{"id":1722,"date":"2024-05-06T19:36:27","date_gmt":"2024-05-06T22:36:27","guid":{"rendered":"https:\/\/ercljp81nr.wpdns.site\/curso-online-de-designer-de-sobrancelhas-lp\/"},"modified":"2026-03-17T11:03:41","modified_gmt":"2026-03-17T14:03:41","slug":"curso-online-de-designer-de-sobrancelhas-lp","status":"publish","type":"page","link":"https:\/\/materiasdodia.com\/en\/curso-online-de-designer-de-sobrancelhas-lp\/","title":{"rendered":"Online eyebrow design course \u2013 Become a sought-after professional!"},"content":{"rendered":"<div class=\"wp-block-columns has-background is-layout-flex wp-container-core-columns-is-layout-135c6b51 wp-block-columns-is-layout-flex\" style=\"border-style:dashed;border-width:1px;background-color:#fafbfc;margin-top:0;margin-bottom:0;padding-top:var(--wp--preset--spacing--50);padding-right:var(--wp--preset--spacing--50);padding-bottom:var(--wp--preset--spacing--50);padding-left:var(--wp--preset--spacing--50)\">\n<div class=\"wp-block-column is-layout-flow wp-container-core-column-is-layout-bfc02d00 wp-block-column-is-layout-flow\" style=\"padding-top:0px;padding-bottom:15px;flex-basis:66.66%\">\n<h2 class=\"wp-block-heading\" style=\"font-size:clamp(14px, 0.875rem + ((1vw - 3.2px) * 0.391), 19px);\">Do you want to become a successful eyebrow designer?<\/h2>\n\n\n\n<p>Discover how the online course can prepare you for the market.<\/p>\n<\/div>\n\n\n\n<div class=\"wp-block-column is-layout-flow wp-block-column-is-layout-flow\" style=\"flex-basis:33.33%\">\n<div class=\"wp-block-buttons is-content-justification-center is-layout-flex wp-container-core-buttons-is-layout-a89b3969 wp-block-buttons-is-layout-flex\">\n<div class=\"wp-block-button has-custom-width wp-block-button__width-100 has-custom-font-size blob has-medium-font-size\"><a class=\"wp-block-button__link has-background has-text-align-center wp-element-button\" href=\"http:\/\/materiasdodia.com\/en\/?p=1720\" style=\"border-radius:50px;background-color:#019548;padding-top:var(--wp--preset--spacing--30);padding-right:var(--wp--preset--spacing--50);padding-bottom:var(--wp--preset--spacing--30);padding-left:var(--wp--preset--spacing--50)\"><strong>\u2b95 SUBSCRIBE NOW<\/strong><\/a><\/div>\n<\/div>\n\n\n\n<p class=\"has-text-align-center\" style=\"margin-top:var(--wp--preset--spacing--20);font-size:12px\">You will remain on the same website.<\/p>\n<\/div>\n<\/div>\n\n\n\n<div style=\"height:10px\" aria-hidden=\"true\" class=\"wp-block-spacer\"><\/div>\n\n\n\n<p>The world of beauty is always on the rise, and being a qualified eyebrow designer can open many doors. Check out this online course and change your career!<\/p>\n\n\n\n<p>This training provides modern techniques and essential tips to help you stand out as an eyebrow designer.<\/p>\n\n\n\n<p>With video lessons and rich material, you will be ready to transform looks and increase your clientele. See all the details!<\/p>\n\n\n\n<div style=\"height:10px\" aria-hidden=\"true\" class=\"wp-block-spacer\"><\/div>\n\n\n\n<div class=\"wp-block-buttons is-content-justification-center is-layout-flex wp-container-core-buttons-is-layout-a89b3969 wp-block-buttons-is-layout-flex\">\n<div class=\"wp-block-button has-custom-width wp-block-button__width-100 has-custom-font-size blob has-medium-font-size\"><a class=\"wp-block-button__link has-background has-text-align-center wp-element-button\" href=\"http:\/\/materiasdodia.com\/en\/?p=1720\" style=\"border-radius:30px;background-color:#019548;padding-top:var(--wp--preset--spacing--30);padding-right:var(--wp--preset--spacing--50);padding-bottom:var(--wp--preset--spacing--30);padding-left:var(--wp--preset--spacing--50)\"><strong>\u2b95 SUBSCRIBE NOW<\/strong><\/a><\/div>\n<\/div>\n\n\n\n<p class=\"has-text-align-center\" style=\"margin-top:0;font-size:12px\">You will remain on the same website.<\/p>\n\n\n\n<div style=\"height:30px\" aria-hidden=\"true\" class=\"wp-block-spacer\"><\/div>\n\n\n\n<h2 class=\"wp-block-heading\" id=\"h-beneficios\">Benefits<\/h2>\n\n\n\n<div class=\"wp-block-columns is-layout-flex wp-container-core-columns-is-layout-28f84493 wp-block-columns-is-layout-flex\">\n<div class=\"wp-block-column has-background is-layout-flow wp-block-column-is-layout-flow\" style=\"background-color:#fafbfc\">\n<div class=\"wp-block-media-text has-palette-color-7-background-color has-background\" style=\"padding-top:var(--wp--preset--spacing--30);padding-right:var(--wp--preset--spacing--40);padding-bottom:var(--wp--preset--spacing--30);padding-left:var(--wp--preset--spacing--40);grid-template-columns:15% auto\"><figure class=\"wp-block-media-text__media\"><img decoding=\"async\" src=\"https:\/\/eucurioso.com.br\/wp-content\/uploads\/2023\/11\/icon1.svg\" alt=\"\" class=\"wp-image-2234 size-full\"\/><\/figure><div class=\"wp-block-media-text__content\">\n<p class=\"has-medium-font-size\"><strong>Flexible schedules<\/strong><\/p>\n\n\n\n<p style=\"font-size:clamp(14px, 0.875rem + ((1vw - 3.2px) * 0.234), 17px);\">Study at your own pace, balancing it with your daily routine and personal commitments.<\/p>\n<\/div><\/div>\n<\/div>\n\n\n\n<div class=\"wp-block-column has-background is-layout-flow wp-block-column-is-layout-flow\" style=\"background-color:#fafbfc\">\n<div class=\"wp-block-media-text has-palette-color-7-background-color has-background\" style=\"padding-top:var(--wp--preset--spacing--30);padding-right:var(--wp--preset--spacing--40);padding-bottom:var(--wp--preset--spacing--30);padding-left:var(--wp--preset--spacing--40);grid-template-columns:15% auto\"><figure class=\"wp-block-media-text__media\"><img decoding=\"async\" src=\"https:\/\/eucurioso.com.br\/wp-content\/uploads\/2023\/11\/icon1.svg\" alt=\"\" class=\"wp-image-2234 size-full\"\/><\/figure><div class=\"wp-block-media-text__content\">\n<p class=\"has-medium-font-size\"><strong>Recognized certificate<\/strong><\/p>\n\n\n\n<p style=\"font-size:clamp(14px, 0.875rem + ((1vw - 3.2px) * 0.234), 17px);\">Receive a certificate at the end of the course and enhance your CV in the job market.<\/p>\n<\/div><\/div>\n<\/div>\n\n\n\n<div class=\"wp-block-column has-background is-layout-flow wp-block-column-is-layout-flow\" style=\"background-color:#fafbfc\">\n<div class=\"wp-block-media-text has-palette-color-7-background-color has-background\" style=\"padding-top:var(--wp--preset--spacing--30);padding-right:var(--wp--preset--spacing--40);padding-bottom:var(--wp--preset--spacing--30);padding-left:var(--wp--preset--spacing--40);grid-template-columns:15% auto\"><figure class=\"wp-block-media-text__media\"><img decoding=\"async\" src=\"https:\/\/eucurioso.com.br\/wp-content\/uploads\/2023\/11\/icon1.svg\" alt=\"\" class=\"wp-image-2234 size-full\"\/><\/figure><div class=\"wp-block-media-text__content\">\n<p class=\"has-medium-font-size\"><strong>Expert support<\/strong><\/p>\n\n\n\n<p style=\"font-size:clamp(14px, 0.875rem + ((1vw - 3.2px) * 0.234), 17px);\">Count on the support of experienced professionals throughout your learning.<\/p>\n<\/div><\/div>\n<\/div>\n<\/div>\n\n\n\n<div style=\"height:30px\" aria-hidden=\"true\" class=\"wp-block-spacer\"><\/div>\n\n\n\n<h2 class=\"wp-block-heading\">Depositions<\/h2>\n\n\n\n<blockquote class=\"wp-block-quote is-layout-flow wp-block-quote-is-layout-flow\" style=\"font-size:clamp(14px, 0.875rem + ((1vw - 3.2px) * 0.078), 15px);\">\n<p style=\"font-size:clamp(14px, 0.875rem + ((1vw - 3.2px) * 0.234), 17px);\">Since completing the course, my schedule is always full. Clients love my work!<\/p>\n<cite><em><strong>Mariana Souza<\/strong><\/em><\/cite><\/blockquote>\n\n\n\n<blockquote class=\"wp-block-quote is-layout-flow wp-block-quote-is-layout-flow\" style=\"font-size:clamp(14px, 0.875rem + ((1vw - 3.2px) * 0.078), 15px);\">\n<p style=\"font-size:clamp(14px, 0.875rem + ((1vw - 3.2px) * 0.234), 17px);\">I learned incredible techniques that set me apart in the market. I highly recommend it!<\/p>\n<cite><em><strong>Carlos Mendes<\/strong><\/em><\/cite><\/blockquote>\n\n\n\n<blockquote class=\"wp-block-quote is-layout-flow wp-block-quote-is-layout-flow\" style=\"font-size:clamp(14px, 0.875rem + ((1vw - 3.2px) * 0.078), 15px);\">\n<p style=\"font-size:clamp(14px, 0.875rem + ((1vw - 3.2px) * 0.234), 17px);\">The flexibility to study when I could made all the difference. I finished the course without rushing and learned a lot.<\/p>\n<cite><em><strong>Livia Barros<\/strong><\/em><\/cite><\/blockquote>\n\n\n\n<blockquote class=\"wp-block-quote is-layout-flow wp-block-quote-is-layout-flow\" style=\"font-size:clamp(14px, 0.875rem + ((1vw - 3.2px) * 0.078), 15px);\">\n<p style=\"font-size:clamp(14px, 0.875rem + ((1vw - 3.2px) * 0.234), 17px);\">The instructors know a lot! They convey confidence and real knowledge.<\/p>\n<cite><em><strong>Tiago Lima<\/strong><\/em><\/cite><\/blockquote>\n\n\n\n<blockquote class=\"wp-block-quote is-layout-flow wp-block-quote-is-layout-flow\" style=\"font-size:clamp(14px, 0.875rem + ((1vw - 3.2px) * 0.078), 15px);\">\n<p style=\"font-size:clamp(14px, 0.875rem + ((1vw - 3.2px) * 0.234), 17px);\">This course was a turning point in my career. Worth every minute!<\/p>\n<cite><em><strong>Camila Ribeiro<\/strong><\/em><\/cite><\/blockquote>\n\n\n\n<div style=\"height:20px\" aria-hidden=\"true\" class=\"wp-block-spacer\"><\/div>\n\n\n\n<div class=\"wp-block-buttons is-content-justification-center is-layout-flex wp-container-core-buttons-is-layout-a89b3969 wp-block-buttons-is-layout-flex\">\n<div class=\"wp-block-button has-custom-width wp-block-button__width-100 has-custom-font-size blob has-medium-font-size\"><a class=\"wp-block-button__link has-background has-text-align-center wp-element-button\" href=\"http:\/\/materiasdodia.com\/en\/?p=1720\" style=\"border-radius:30px;background-color:#019548;padding-top:var(--wp--preset--spacing--30);padding-right:var(--wp--preset--spacing--50);padding-bottom:var(--wp--preset--spacing--30);padding-left:var(--wp--preset--spacing--50)\"><strong>\u2b95 SUBSCRIBE NOW<\/strong><\/a><\/div>\n<\/div>\n\n\n\n<p class=\"has-text-align-center\" style=\"margin-top:0;font-size:12px\">You will remain on the same site.<\/p>\n\n\n\n<div style=\"height:30px\" aria-hidden=\"true\" class=\"wp-block-spacer\"><\/div>\n\n\n\n<h2 class=\"wp-block-heading\" id=\"h-perguntas-frequentes\">Common questions<\/h2>\n\n\n\n<div class=\"wp-block-columns is-layout-flex wp-container-core-columns-is-layout-28f84493 wp-block-columns-is-layout-flex\">\n<div class=\"wp-block-column is-layout-flow wp-block-column-is-layout-flow\">\n<p><strong>Is the course entirely online?<\/strong><\/p>\n\n\n\n<hr class=\"wp-block-separator has-text-color has-palette-color-5-color has-alpha-channel-opacity has-palette-color-5-background-color has-background is-style-wide\"\/>\n\n\n\n<p>Yes, the eyebrow design course is 100% online, so you can learn wherever you are.<\/p>\n<\/div>\n<\/div>\n\n\n\n<div class=\"wp-block-columns is-layout-flex wp-container-core-columns-is-layout-28f84493 wp-block-columns-is-layout-flex\">\n<div class=\"wp-block-column is-layout-flow wp-block-column-is-layout-flow\">\n<p><strong>Is there practical experience in the eyebrow design course?<\/strong><\/p>\n\n\n\n<hr class=\"wp-block-separator has-text-color has-palette-color-5-color has-alpha-channel-opacity has-palette-color-5-background-color has-background is-style-wide\"\/>\n\n\n\n<p>There are practical simulations that you can follow and replicate to gain experience.<\/p>\n<\/div>\n<\/div>\n\n\n\n<div class=\"wp-block-columns is-layout-flex wp-container-core-columns-is-layout-28f84493 wp-block-columns-is-layout-flex\">\n<div class=\"wp-block-column is-layout-flow wp-block-column-is-layout-flow\">\n<p><strong>Does the course have support for questions?<\/strong><\/p>\n\n\n\n<hr class=\"wp-block-separator has-text-color has-palette-color-5-color has-alpha-channel-opacity has-palette-color-5-background-color has-background is-style-wide\"\/>\n\n\n\n<p>You can count on full support to resolve your queries directly with subject matter experts.<\/p>\n<\/div>\n<\/div>\n\n\n\n<div class=\"wp-block-columns is-layout-flex wp-container-core-columns-is-layout-28f84493 wp-block-columns-is-layout-flex\">\n<div class=\"wp-block-column is-layout-flow wp-block-column-is-layout-flow\">\n<p><strong>How long will it take me to complete the course?<\/strong><\/p>\n\n\n\n<hr class=\"wp-block-separator has-text-color has-palette-color-5-color has-alpha-channel-opacity has-palette-color-5-background-color has-background is-style-wide\"\/>\n\n\n\n<p>It depends on your study pace, but most students complete it in a few weeks.<\/p>\n<\/div>\n<\/div>\n\n\n\n<div class=\"wp-block-columns is-layout-flex wp-container-core-columns-is-layout-28f84493 wp-block-columns-is-layout-flex\">\n<div class=\"wp-block-column is-layout-flow wp-block-column-is-layout-flow\">\n<p><strong>Will I receive a certificate upon completion of the course?<\/strong><\/p>\n\n\n\n<hr class=\"wp-block-separator has-text-color has-palette-color-5-color has-alpha-channel-opacity has-palette-color-5-background-color has-background is-style-wide\"\/>\n\n\n\n<p>Yes, upon completion of all classes and assessments, you will receive a certificate of completion.<\/p>\n<\/div>\n<\/div>\n\n\n\n<div class=\"wp-block-columns is-layout-flex wp-container-core-columns-is-layout-28f84493 wp-block-columns-is-layout-flex\">\n<div class=\"wp-block-column is-layout-flow wp-block-column-is-layout-flow\">\n<p><strong>What are the prerequisites for the course?<\/strong><\/p>\n\n\n\n<hr class=\"wp-block-separator has-text-color has-palette-color-5-color has-alpha-channel-opacity has-palette-color-5-background-color has-background is-style-wide\"\/>\n\n\n\n<p>There are no prerequisites, just a desire to learn and develop in the area of eyebrow design.<\/p>\n<\/div>\n<\/div>\n\n\n\n<div class=\"wp-block-columns is-layout-flex wp-container-core-columns-is-layout-28f84493 wp-block-columns-is-layout-flex\">\n<div class=\"wp-block-column is-layout-flow wp-block-column-is-layout-flow\">\n<p><strong>Can I watch classes on my cell phone?<\/strong><\/p>\n\n\n\n<hr class=\"wp-block-separator has-text-color has-palette-color-5-color has-alpha-channel-opacity has-palette-color-5-background-color has-background is-style-wide\"\/>\n\n\n\n<p>Of course, the course is compatible with any device, making it easy to access from anywhere.<\/p>\n<\/div>\n<\/div>\n\n\n\n<div style=\"height:30px\" aria-hidden=\"true\" class=\"wp-block-spacer\"><\/div>\n\n\n\n<style>\n.bloco-main {\n    gap: 0px !important\n}\n.entry-title {\n    text-align: center;\n}\n.entry-content:not(:first-child) {\n    margin-top: 20px;\n}\n@media (max-width: 768px) {\n    .separate-containers .inside-article, .separate-containers .comments-area, .separate-containers .page-header, .separate-containers .paging-navigation, .one-container .site-content, .inside-page-header {\n        padding: 0px 20px 20px 20px !important;\n    }\n}\n.separate-containers .site-main {\n    margin: 15px;\n}\n.blob {\n\ttransform: scale(1);\n\tanimation: pulse 1.5s infinite;\n}\n\n@keyframes pulse {\n\t0% {\n\t\ttransform: scale(0.95);\n\t}\n\n\t70% {\n\t\ttransform: scale(1);\n\t}\n\n\t100% {\n\t\ttransform: scale(0.95);\n\t}\n}\n\n.wp-block-quote:not(.is-style-plain):not(.has-text-align-center):not(.has-text-align-right) {\n    border-inline-start: 4px solid #019548;\n}\n\n.wp-block-separator:not(.is-style-dots) {\n    height: 1px;\n}\n@media (max-width: 600px) {\n.wp-block-media-text.is-stacked-on-mobile {\n    padding: 10px !important;\n}\n}\n\n.wp-block-media-text__media img, .wp-block-media-text__media video {\n    border-radius: 30px !important;\n}\nhr {\n    margin-bottom: 10px;\n    margin-top: 10px;\n}\n<\/style>","protected":false},"excerpt":{"rendered":"<p>Quer se tornar um designer de sobrancelhas de sucesso? Descubra como o curso online pode preparar voc\u00ea para o mercado. Voc\u00ea continuar\u00e1 no mesmo site. O mundo da est\u00e9tica est\u00e1 sempre em alta, e ser um designer de sobrancelhas qualificado pode abrir muitas portas. Conhe\u00e7a este curso online e mude sua carreira! Esse treinamento entrega [&hellip;]<\/p>","protected":false},"author":3,"featured_media":0,"parent":0,"menu_order":0,"comment_status":"closed","ping_status":"closed","template":"","meta":{"_acf_changed":false,"footnotes":""},"class_list":["post-1722","page","type-page","status-publish","hentry"],"blocksy_meta":[],"acf":[],"rank_math_focus_keyword":null,"rank_math_description":null,"resposta_rapida":null,"_links":{"self":[{"href":"https:\/\/materiasdodia.com\/en\/wp-json\/wp\/v2\/pages\/1722","targetHints":{"allow":["GET"]}}],"collection":[{"href":"https:\/\/materiasdodia.com\/en\/wp-json\/wp\/v2\/pages"}],"about":[{"href":"https:\/\/materiasdodia.com\/en\/wp-json\/wp\/v2\/types\/page"}],"author":[{"embeddable":true,"href":"https:\/\/materiasdodia.com\/en\/wp-json\/wp\/v2\/users\/3"}],"replies":[{"embeddable":true,"href":"https:\/\/materiasdodia.com\/en\/wp-json\/wp\/v2\/comments?post=1722"}],"version-history":[{"count":2,"href":"https:\/\/materiasdodia.com\/en\/wp-json\/wp\/v2\/pages\/1722\/revisions"}],"predecessor-version":[{"id":1754,"href":"https:\/\/materiasdodia.com\/en\/wp-json\/wp\/v2\/pages\/1722\/revisions\/1754"}],"wp:attachment":[{"href":"https:\/\/materiasdodia.com\/en\/wp-json\/wp\/v2\/media?parent=1722"}],"curies":[{"name":"wp","href":"https:\/\/api.w.org\/{rel}","templated":true}]}}