{"id":1194,"date":"2024-03-30T19:15:05","date_gmt":"2024-03-30T22:15:05","guid":{"rendered":"https:\/\/ercljp81nr.wpdns.site\/como-aumentar-o-score-do-serasa-lp\/"},"modified":"2026-03-17T11:03:29","modified_gmt":"2026-03-17T14:03:29","slug":"como-aumentar-o-score-do-serasa-lp","status":"publish","type":"page","link":"https:\/\/materiasdodia.com\/es\/como-aumentar-o-score-do-serasa-lp\/","title":{"rendered":"C\u00f3mo aumentar su puntuaci\u00f3n Serasa: \u00a1aprenda estrategias efectivas!"},"content":{"rendered":"<div class=\"wp-block-columns has-background is-layout-flex wp-container-core-columns-is-layout-135c6b51 wp-block-columns-is-layout-flex\" style=\"border-style:dashed;border-width:1px;background-color:#fafbfc;margin-top:0;margin-bottom:0;padding-top:var(--wp--preset--spacing--50);padding-right:var(--wp--preset--spacing--50);padding-bottom:var(--wp--preset--spacing--50);padding-left:var(--wp--preset--spacing--50)\">\n<div class=\"wp-block-column is-layout-flow wp-container-core-column-is-layout-bfc02d00 wp-block-column-is-layout-flow\" style=\"padding-top:0px;padding-bottom:15px;flex-basis:66.66%\">\n<h2 class=\"wp-block-heading\" style=\"font-size:clamp(14px, 0.875rem + ((1vw - 3.2px) * 0.391), 19px);\">\u00bfQuieres mejorar tu puntuaci\u00f3n Serasa?<\/h2>\n\n\n\n<p>Descubra formas efectivas de aumentar su puntaje crediticio.<\/p>\n<\/div>\n\n\n\n<div class=\"wp-block-column is-layout-flow wp-block-column-is-layout-flow\" style=\"flex-basis:33.33%\">\n<div class=\"wp-block-buttons is-content-justification-center is-layout-flex wp-container-core-buttons-is-layout-a89b3969 wp-block-buttons-is-layout-flex\">\n<div class=\"wp-block-button has-custom-width wp-block-button__width-100 has-custom-font-size blob has-medium-font-size\"><a class=\"wp-block-button__link has-background has-text-align-center wp-element-button\" href=\"http:\/\/materiasdodia.com\/es\/tutoriais\/como-aumentar-score-do-serasa\/\" style=\"border-radius:50px;background-color:#5801b0;padding-top:var(--wp--preset--spacing--30);padding-right:var(--wp--preset--spacing--50);padding-bottom:var(--wp--preset--spacing--30);padding-left:var(--wp--preset--spacing--50)\"><strong>\u2b95 DESCUBRE AHORA<\/strong><\/a><\/div>\n<\/div>\n\n\n\n<p class=\"has-text-align-center\" style=\"margin-top:var(--wp--preset--spacing--20);font-size:12px\">Permanecer\u00e1s en el mismo sitio web.<\/p>\n<\/div>\n<\/div>\n\n\n\n<div style=\"height:10px\" aria-hidden=\"true\" class=\"wp-block-spacer\"><\/div>\n\n\n\n<p>Comprender c\u00f3mo aumentar su puntaje Serasa es esencial para obtener un mejor cr\u00e9dito. \u00bfQuieres saber c\u00f3mo? \u00a1Mira nuestros consejos!<\/p>\n\n\n\n<p>Una puntuaci\u00f3n alta puede ser su billete para obtener pr\u00e9stamos con tipos de inter\u00e9s bajos y condiciones de mercado atractivas.<\/p>\n\n\n\n<p>Aprenda ahora c\u00f3mo aumentar su puntaje Serasa y abrir puertas a nuevas oportunidades financieras.<\/p>\n\n\n\n<div style=\"height:10px\" aria-hidden=\"true\" class=\"wp-block-spacer\"><\/div>\n\n\n\n<div class=\"wp-block-buttons is-content-justification-center is-layout-flex wp-container-core-buttons-is-layout-a89b3969 wp-block-buttons-is-layout-flex\">\n<div class=\"wp-block-button has-custom-width wp-block-button__width-100 has-custom-font-size blob has-medium-font-size\"><a class=\"wp-block-button__link has-background has-text-align-center wp-element-button\" href=\"http:\/\/materiasdodia.com\/es\/tutoriais\/como-aumentar-score-do-serasa\/\" style=\"border-radius:30px;background-color:#5801b0;padding-top:var(--wp--preset--spacing--30);padding-right:var(--wp--preset--spacing--50);padding-bottom:var(--wp--preset--spacing--30);padding-left:var(--wp--preset--spacing--50)\"><strong>\u2b95 DESCUBRE AHORA<\/strong><\/a><\/div>\n<\/div>\n\n\n\n<p class=\"has-text-align-center\" style=\"margin-top:0;font-size:12px\">Permanecer\u00e1s en el mismo sitio web.<\/p>\n\n\n\n<div style=\"height:30px\" aria-hidden=\"true\" class=\"wp-block-spacer\"><\/div>\n\n\n\n<h2 class=\"wp-block-heading\" id=\"h-beneficios\">Beneficios<\/h2>\n\n\n\n<div class=\"wp-block-columns is-layout-flex wp-container-core-columns-is-layout-28f84493 wp-block-columns-is-layout-flex\">\n<div class=\"wp-block-column is-layout-flow wp-block-column-is-layout-flow\">\n<div class=\"wp-block-media-text has-palette-color-7-background-color has-background\" style=\"padding-top:var(--wp--preset--spacing--30);padding-right:var(--wp--preset--spacing--40);padding-bottom:var(--wp--preset--spacing--30);padding-left:var(--wp--preset--spacing--40);grid-template-columns:15% auto\"><figure class=\"wp-block-media-text__media\"><img decoding=\"async\" src=\"https:\/\/eucurioso.com.br\/wp-content\/uploads\/2023\/11\/icon1.svg\" alt=\"\" class=\"wp-image-2234 size-full\"\/><\/figure><div class=\"wp-block-media-text__content\">\n<p><strong>Acceso al cr\u00e9dito<\/strong><\/p>\n\n\n\n<p>Con una puntuaci\u00f3n alta, es m\u00e1s f\u00e1cil obtener aprobaciones de cr\u00e9dito.<\/p>\n<\/div><\/div>\n<\/div>\n\n\n\n<div class=\"wp-block-column is-layout-flow wp-block-column-is-layout-flow\">\n<div class=\"wp-block-media-text has-palette-color-7-background-color has-background\" style=\"padding-top:var(--wp--preset--spacing--30);padding-right:var(--wp--preset--spacing--40);padding-bottom:var(--wp--preset--spacing--30);padding-left:var(--wp--preset--spacing--40);grid-template-columns:15% auto\"><figure class=\"wp-block-media-text__media\"><img decoding=\"async\" src=\"https:\/\/eucurioso.com.br\/wp-content\/uploads\/2023\/11\/icon1.svg\" alt=\"\" class=\"wp-image-2234 size-full\"\/><\/figure><div class=\"wp-block-media-text__content\">\n<p><strong>Mejores tarifas<\/strong><\/p>\n\n\n\n<p>Una buena puntuaci\u00f3n generalmente da como resultado tasas de inter\u00e9s m\u00e1s bajas sobre pr\u00e9stamos y financiaci\u00f3n.<\/p>\n<\/div><\/div>\n<\/div>\n\n\n\n<div class=\"wp-block-column is-layout-flow wp-block-column-is-layout-flow\">\n<div class=\"wp-block-media-text has-palette-color-7-background-color has-background\" style=\"padding-top:var(--wp--preset--spacing--30);padding-right:var(--wp--preset--spacing--40);padding-bottom:var(--wp--preset--spacing--30);padding-left:var(--wp--preset--spacing--40);grid-template-columns:15% auto\"><figure class=\"wp-block-media-text__media\"><img decoding=\"async\" src=\"https:\/\/eucurioso.com.br\/wp-content\/uploads\/2023\/11\/icon1.svg\" alt=\"\" class=\"wp-image-2234 size-full\"\/><\/figure><div class=\"wp-block-media-text__content\">\n<p><strong>Confianza en el mercado<\/strong><\/p>\n\n\n\n<p>Una puntuaci\u00f3n alta en Serasa demuestra que eres un buen pagador, lo que aumenta tu reputaci\u00f3n en el mercado.<\/p>\n<\/div><\/div>\n<\/div>\n<\/div>\n\n\n\n<div style=\"height:30px\" aria-hidden=\"true\" class=\"wp-block-spacer\"><\/div>\n\n\n\n<h2 class=\"wp-block-heading\">Deposiciones<\/h2>\n\n\n\n<blockquote class=\"wp-block-quote is-layout-flow wp-block-quote-is-layout-flow\">\n<p>\u00a1Despu\u00e9s de seguir estos consejos, mi puntuaci\u00f3n aument\u00f3 en 100 puntos en tan solo unos meses!<\/p>\n<cite><em><strong>Carlos Sousa<\/strong><\/em><\/cite><\/blockquote>\n\n\n\n<blockquote class=\"wp-block-quote is-layout-flow wp-block-quote-is-layout-flow\">\n<p>No sab\u00eda que el puntaje era tan importante. Ahora estoy trabajando para mejorar el m\u00edo.<\/p>\n<cite><em><strong>Fernanda Lima<\/strong><\/em><\/cite><\/blockquote>\n\n\n\n<blockquote class=\"wp-block-quote is-layout-flow wp-block-quote-is-layout-flow\">\n<p>\u00a1Pude financiar mi auto con tasas de inter\u00e9s bajas gracias a mi puntaje alto!<\/p>\n<cite><em><strong>Roberto D\u00edas<\/strong><\/em><\/cite><\/blockquote>\n\n\n\n<blockquote class=\"wp-block-quote is-layout-flow wp-block-quote-is-layout-flow\">\n<p>Fue dif\u00edcil conseguir una tarjeta de cr\u00e9dito, pero con mejor puntaje recib\u00ed varias ofertas.<\/p>\n<cite><em><strong>Antonia Martins<\/strong><\/em><\/cite><\/blockquote>\n\n\n\n<blockquote class=\"wp-block-quote is-layout-flow wp-block-quote-is-layout-flow\">\n<p>Mantener mis cuentas actualizadas y consultar Serasa peri\u00f3dicamente fueron las claves para aumentar mi puntuaci\u00f3n.<\/p>\n<cite><em><strong>lucas pereira<\/strong><\/em><\/cite><\/blockquote>\n\n\n\n<div style=\"height:20px\" aria-hidden=\"true\" class=\"wp-block-spacer\"><\/div>\n\n\n\n<div class=\"wp-block-buttons is-content-justification-center is-layout-flex wp-container-core-buttons-is-layout-a89b3969 wp-block-buttons-is-layout-flex\">\n<div class=\"wp-block-button has-custom-width wp-block-button__width-100 has-custom-font-size blob has-medium-font-size\"><a class=\"wp-block-button__link has-background has-text-align-center wp-element-button\" href=\"http:\/\/materiasdodia.com\/es\/tutoriais\/como-aumentar-score-do-serasa\/\" style=\"border-radius:30px;background-color:#5801b0;padding-top:var(--wp--preset--spacing--30);padding-right:var(--wp--preset--spacing--50);padding-bottom:var(--wp--preset--spacing--30);padding-left:var(--wp--preset--spacing--50)\"><strong>\u2b95 DESCUBRE AHORA<\/strong><\/a><\/div>\n<\/div>\n\n\n\n<p class=\"has-text-align-center\" style=\"margin-top:0;font-size:12px\">Permanecer\u00e1s en el mismo sitio web.<\/p>\n\n\n\n<div style=\"height:30px\" aria-hidden=\"true\" class=\"wp-block-spacer\"><\/div>\n\n\n\n<h2 class=\"wp-block-heading\" id=\"h-perguntas-frequentes\">Preguntas frecuentes<\/h2>\n\n\n\n<div class=\"wp-block-columns is-layout-flex wp-container-core-columns-is-layout-28f84493 wp-block-columns-is-layout-flex\">\n<div class=\"wp-block-column is-layout-flow wp-block-column-is-layout-flow\">\n<p><strong>\u00bfQu\u00e9 es la puntuaci\u00f3n Serasa?<\/strong><\/p>\n\n\n\n<hr class=\"wp-block-separator has-text-color has-palette-color-5-color has-alpha-channel-opacity has-palette-color-5-background-color has-background is-style-wide\"\/>\n\n\n\n<p>El puntaje Serasa es un puntaje que indica la probabilidad de que pagues tus facturas a tiempo.<\/p>\n<\/div>\n<\/div>\n\n\n\n<div class=\"wp-block-columns is-layout-flex wp-container-core-columns-is-layout-28f84493 wp-block-columns-is-layout-flex\">\n<div class=\"wp-block-column is-layout-flow wp-block-column-is-layout-flow\">\n<p><strong>\u00bfC\u00f3mo puedo consultar mi puntuaci\u00f3n?<\/strong><\/p>\n\n\n\n<hr class=\"wp-block-separator has-text-color has-palette-color-5-color has-alpha-channel-opacity has-palette-color-5-background-color has-background is-style-wide\"\/>\n\n\n\n<p>Puedes consultar tu puntuaci\u00f3n accediendo al sitio web o a la aplicaci\u00f3n de Serasa de forma gratuita.<\/p>\n<\/div>\n<\/div>\n\n\n\n<div class=\"wp-block-columns is-layout-flex wp-container-core-columns-is-layout-28f84493 wp-block-columns-is-layout-flex\">\n<div class=\"wp-block-column is-layout-flow wp-block-column-is-layout-flow\">\n<p><strong>\u00bfPagar facturas atrasadas ayuda a aumentar su puntuaci\u00f3n?<\/strong><\/p>\n\n\n\n<hr class=\"wp-block-separator has-text-color has-palette-color-5-color has-alpha-channel-opacity has-palette-color-5-background-color has-background is-style-wide\"\/>\n\n\n\n<p>S\u00ed, pagar deudas atrasadas puede mejorar su puntaje, ya que demuestra compromiso con sus obligaciones financieras.<\/p>\n<\/div>\n<\/div>\n\n\n\n<div class=\"wp-block-columns is-layout-flex wp-container-core-columns-is-layout-28f84493 wp-block-columns-is-layout-flex\">\n<div class=\"wp-block-column is-layout-flow wp-block-column-is-layout-flow\">\n<p><strong>\u00bfC\u00f3mo se calcula la puntuaci\u00f3n?<\/strong><\/p>\n\n\n\n<hr class=\"wp-block-separator has-text-color has-palette-color-5-color has-alpha-channel-opacity has-palette-color-5-background-color has-background is-style-wide\"\/>\n\n\n\n<p>El c\u00e1lculo de la puntuaci\u00f3n tiene en cuenta su historial de pagos, deudas activas y datos de registro actualizados.<\/p>\n<\/div>\n<\/div>\n\n\n\n<div class=\"wp-block-columns is-layout-flex wp-container-core-columns-is-layout-28f84493 wp-block-columns-is-layout-flex\">\n<div class=\"wp-block-column is-layout-flow wp-block-column-is-layout-flow\">\n<p><strong>\u00bfEl uso de una tarjeta de cr\u00e9dito influye en su puntuaci\u00f3n?<\/strong><\/p>\n\n\n\n<hr class=\"wp-block-separator has-text-color has-palette-color-5-color has-alpha-channel-opacity has-palette-color-5-background-color has-background is-style-wide\"\/>\n\n\n\n<p>El uso consciente de su tarjeta de cr\u00e9dito puede demostrar que es un buen pagador, lo que puede ayudar a aumentar su puntaje.<\/p>\n<\/div>\n<\/div>\n\n\n\n<div class=\"wp-block-columns is-layout-flex wp-container-core-columns-is-layout-28f84493 wp-block-columns-is-layout-flex\">\n<div class=\"wp-block-column is-layout-flow wp-block-column-is-layout-flow\">\n<p><strong>\u00bfLa regularizaci\u00f3n del CPF aumenta la puntuaci\u00f3n?<\/strong><\/p>\n\n\n\n<hr class=\"wp-block-separator has-text-color has-palette-color-5-color has-alpha-channel-opacity has-palette-color-5-background-color has-background is-style-wide\"\/>\n\n\n\n<p>S\u00ed, regularizar su CPF y mantener actualizada su informaci\u00f3n personal contribuye a una mejor puntuaci\u00f3n.<\/p>\n<\/div>\n<\/div>\n\n\n\n<div class=\"wp-block-columns is-layout-flex wp-container-core-columns-is-layout-28f84493 wp-block-columns-is-layout-flex\">\n<div class=\"wp-block-column is-layout-flow wp-block-column-is-layout-flow\">\n<p><strong>\u00bfC\u00f3mo mantener una puntuaci\u00f3n alta?<\/strong><\/p>\n\n\n\n<hr class=\"wp-block-separator has-text-color has-palette-color-5-color has-alpha-channel-opacity has-palette-color-5-background-color has-background is-style-wide\"\/>\n\n\n\n<p>Mantener sus facturas al d\u00eda, utilizar el cr\u00e9dito de manera consciente y monitorear peri\u00f3dicamente su puntaje son pr\u00e1cticas recomendadas.<\/p>\n<\/div>\n<\/div>\n\n\n\n<div style=\"height:30px\" aria-hidden=\"true\" class=\"wp-block-spacer\"><\/div>\n\n\n\n<style>\narticle>.entry-content>*:not(.alignfull):not(.alignleft):not(.alignright) {\n    width: 95%;\n}\n\n:where(.wp-block-columns.is-layout-flex) {\n    gap: 0;\n}\n\n.wp-block-separator {\n    border: 0px;\n}\n\n.blob {\n\ttransform: scale(1);\n\tanimation: pulse 1.5s infinite;\n}\n\n@keyframes pulse {\n\t0% {\n\t\ttransform: scale(0.95);\n\t}\n\n\t70% {\n\t\ttransform: scale(1);\n\t}\n\n\t100% {\n\t\ttransform: scale(0.95);\n\t}\n}\n\n.wp-block-quote:not(.is-style-plain):not(.has-text-align-center):not(.has-text-align-right) {\n    border-inline-start: 4px solid #5801b0;\n}\n\n.wp-block-separator:not(.is-style-dots) {\n    height: 1px;\n}\n@media (max-width: 600px) {\n.wp-block-media-text.is-stacked-on-mobile {\n    padding: 20px !important;\n}\n.wp-container-core-column-layout-1.wp-container-core-column-layout-1 > * {\n    text-align: center;\n    font-size: 18px !important;\n}\n.wp-container-core-column-layout-1.wp-container-core-column-layout-1.wp-container-core-column-layout-1.wp-container-core-column-layout-1 > * + * {\n    margin-block-start: var(--wp--preset--spacing--30);\n    margin-block-end: 0;\n    font-size: 16px !important;\n}\n}\n\n.wp-block-media-text__media img, .wp-block-media-text__media video {\n    border-radius: 30px !important;\n}\n<\/style>","protected":false},"excerpt":{"rendered":"<p>\u00bfQuieres mejorar tu puntuaci\u00f3n Serasa? Descubra formas efectivas de aumentar su puntaje crediticio. Permanecer\u00e1s en el mismo sitio web. Comprender c\u00f3mo aumentar su puntaje Serasa es esencial para obtener un mejor cr\u00e9dito. \u00bfQuieres saber c\u00f3mo? \u00a1Mira nuestros consejos! Una puntuaci\u00f3n alta puede ser su pasaporte para acceder a pr\u00e9stamos a bajo inter\u00e9s y condiciones atractivas en [\u2026]<\/p>","protected":false},"author":3,"featured_media":0,"parent":0,"menu_order":0,"comment_status":"closed","ping_status":"closed","template":"","meta":{"_acf_changed":false,"footnotes":""},"class_list":["post-1194","page","type-page","status-publish","hentry"],"blocksy_meta":[],"acf":[],"rank_math_focus_keyword":null,"rank_math_description":null,"resposta_rapida":null,"_links":{"self":[{"href":"https:\/\/materiasdodia.com\/es\/wp-json\/wp\/v2\/pages\/1194","targetHints":{"allow":["GET"]}}],"collection":[{"href":"https:\/\/materiasdodia.com\/es\/wp-json\/wp\/v2\/pages"}],"about":[{"href":"https:\/\/materiasdodia.com\/es\/wp-json\/wp\/v2\/types\/page"}],"author":[{"embeddable":true,"href":"https:\/\/materiasdodia.com\/es\/wp-json\/wp\/v2\/users\/3"}],"replies":[{"embeddable":true,"href":"https:\/\/materiasdodia.com\/es\/wp-json\/wp\/v2\/comments?post=1194"}],"version-history":[{"count":1,"href":"https:\/\/materiasdodia.com\/es\/wp-json\/wp\/v2\/pages\/1194\/revisions"}],"predecessor-version":[{"id":2839,"href":"https:\/\/materiasdodia.com\/es\/wp-json\/wp\/v2\/pages\/1194\/revisions\/2839"}],"wp:attachment":[{"href":"https:\/\/materiasdodia.com\/es\/wp-json\/wp\/v2\/media?parent=1194"}],"curies":[{"name":"wp","href":"https:\/\/api.w.org\/{rel}","templated":true}]}}