{"id":1722,"date":"2024-05-06T19:36:27","date_gmt":"2024-05-06T22:36:27","guid":{"rendered":"https:\/\/ercljp81nr.wpdns.site\/curso-online-de-designer-de-sobrancelhas-lp\/"},"modified":"2026-03-17T11:03:41","modified_gmt":"2026-03-17T14:03:41","slug":"curso-online-de-designer-de-sobrancelhas-lp","status":"publish","type":"page","link":"https:\/\/materiasdodia.com\/es\/curso-online-de-designer-de-sobrancelhas-lp\/","title":{"rendered":"Curso online de dise\u00f1o de cejas \u2013 \u00a1Convi\u00e9rtete en un profesional solicitado!"},"content":{"rendered":"<div class=\"wp-block-columns has-background is-layout-flex wp-container-core-columns-is-layout-135c6b51 wp-block-columns-is-layout-flex\" style=\"border-style:dashed;border-width:1px;background-color:#fafbfc;margin-top:0;margin-bottom:0;padding-top:var(--wp--preset--spacing--50);padding-right:var(--wp--preset--spacing--50);padding-bottom:var(--wp--preset--spacing--50);padding-left:var(--wp--preset--spacing--50)\">\n<div class=\"wp-block-column is-layout-flow wp-container-core-column-is-layout-bfc02d00 wp-block-column-is-layout-flow\" style=\"padding-top:0px;padding-bottom:15px;flex-basis:66.66%\">\n<h2 class=\"wp-block-heading\" style=\"font-size:clamp(14px, 0.875rem + ((1vw - 3.2px) * 0.391), 19px);\">\u00bfQuieres convertirte en un dise\u00f1ador de cejas de \u00e9xito?<\/h2>\n\n\n\n<p>Descubra c\u00f3mo el curso en l\u00ednea puede prepararlo para el mercado.<\/p>\n<\/div>\n\n\n\n<div class=\"wp-block-column is-layout-flow wp-block-column-is-layout-flow\" style=\"flex-basis:33.33%\">\n<div class=\"wp-block-buttons is-content-justification-center is-layout-flex wp-container-core-buttons-is-layout-a89b3969 wp-block-buttons-is-layout-flex\">\n<div class=\"wp-block-button has-custom-width wp-block-button__width-100 has-custom-font-size blob has-medium-font-size\"><a class=\"wp-block-button__link has-background has-text-align-center wp-element-button\" href=\"http:\/\/materiasdodia.com\/es\/?p=1720\" style=\"border-radius:50px;background-color:#019548;padding-top:var(--wp--preset--spacing--30);padding-right:var(--wp--preset--spacing--50);padding-bottom:var(--wp--preset--spacing--30);padding-left:var(--wp--preset--spacing--50)\"><strong>\u2b95 REG\u00cdSTRESE AHORA<\/strong><\/a><\/div>\n<\/div>\n\n\n\n<p class=\"has-text-align-center\" style=\"margin-top:var(--wp--preset--spacing--20);font-size:12px\">Permanecer\u00e1s en el mismo sitio web.<\/p>\n<\/div>\n<\/div>\n\n\n\n<div style=\"height:10px\" aria-hidden=\"true\" class=\"wp-block-spacer\"><\/div>\n\n\n\n<p>El mundo de la est\u00e9tica siempre est\u00e1 en auge y ser un dise\u00f1ador de cejas cualificado puede abrir muchas puertas. \u00a1Descubre este curso online y cambia tu carrera!<\/p>\n\n\n\n<p>Esta capacitaci\u00f3n ofrece t\u00e9cnicas modernas y consejos esenciales para ayudarlo a destacarse como dise\u00f1ador de cejas.<\/p>\n\n\n\n<p>Con lecciones en video y material enriquecido, estar\u00e1 listo para transformar looks y aumentar su clientela. \u00a1Mira todos los detalles!<\/p>\n\n\n\n<div style=\"height:10px\" aria-hidden=\"true\" class=\"wp-block-spacer\"><\/div>\n\n\n\n<div class=\"wp-block-buttons is-content-justification-center is-layout-flex wp-container-core-buttons-is-layout-a89b3969 wp-block-buttons-is-layout-flex\">\n<div class=\"wp-block-button has-custom-width wp-block-button__width-100 has-custom-font-size blob has-medium-font-size\"><a class=\"wp-block-button__link has-background has-text-align-center wp-element-button\" href=\"http:\/\/materiasdodia.com\/es\/?p=1720\" style=\"border-radius:30px;background-color:#019548;padding-top:var(--wp--preset--spacing--30);padding-right:var(--wp--preset--spacing--50);padding-bottom:var(--wp--preset--spacing--30);padding-left:var(--wp--preset--spacing--50)\"><strong>\u2b95 REG\u00cdSTRESE AHORA<\/strong><\/a><\/div>\n<\/div>\n\n\n\n<p class=\"has-text-align-center\" style=\"margin-top:0;font-size:12px\">Permanecer\u00e1s en el mismo sitio web.<\/p>\n\n\n\n<div style=\"height:30px\" aria-hidden=\"true\" class=\"wp-block-spacer\"><\/div>\n\n\n\n<h2 class=\"wp-block-heading\" id=\"h-beneficios\">Beneficios<\/h2>\n\n\n\n<div class=\"wp-block-columns is-layout-flex wp-container-core-columns-is-layout-28f84493 wp-block-columns-is-layout-flex\">\n<div class=\"wp-block-column has-background is-layout-flow wp-block-column-is-layout-flow\" style=\"background-color:#fafbfc\">\n<div class=\"wp-block-media-text has-palette-color-7-background-color has-background\" style=\"padding-top:var(--wp--preset--spacing--30);padding-right:var(--wp--preset--spacing--40);padding-bottom:var(--wp--preset--spacing--30);padding-left:var(--wp--preset--spacing--40);grid-template-columns:15% auto\"><figure class=\"wp-block-media-text__media\"><img decoding=\"async\" src=\"https:\/\/eucurioso.com.br\/wp-content\/uploads\/2023\/11\/icon1.svg\" alt=\"\" class=\"wp-image-2234 size-full\"\/><\/figure><div class=\"wp-block-media-text__content\">\n<p class=\"has-medium-font-size\"><strong>Flexibilidad de horarios<\/strong><\/p>\n\n\n\n<p style=\"font-size:clamp(14px, 0.875rem + ((1vw - 3.2px) * 0.234), 17px);\">Estudia a tu propio ritmo, equilibrando tu rutina diaria y tus compromisos personales.<\/p>\n<\/div><\/div>\n<\/div>\n\n\n\n<div class=\"wp-block-column has-background is-layout-flow wp-block-column-is-layout-flow\" style=\"background-color:#fafbfc\">\n<div class=\"wp-block-media-text has-palette-color-7-background-color has-background\" style=\"padding-top:var(--wp--preset--spacing--30);padding-right:var(--wp--preset--spacing--40);padding-bottom:var(--wp--preset--spacing--30);padding-left:var(--wp--preset--spacing--40);grid-template-columns:15% auto\"><figure class=\"wp-block-media-text__media\"><img decoding=\"async\" src=\"https:\/\/eucurioso.com.br\/wp-content\/uploads\/2023\/11\/icon1.svg\" alt=\"\" class=\"wp-image-2234 size-full\"\/><\/figure><div class=\"wp-block-media-text__content\">\n<p class=\"has-medium-font-size\"><strong>Certificado reconocido<\/strong><\/p>\n\n\n\n<p style=\"font-size:clamp(14px, 0.875rem + ((1vw - 3.2px) * 0.234), 17px);\">Recibe un certificado al finalizar el curso y potencia tu CV en el mercado laboral.<\/p>\n<\/div><\/div>\n<\/div>\n\n\n\n<div class=\"wp-block-column has-background is-layout-flow wp-block-column-is-layout-flow\" style=\"background-color:#fafbfc\">\n<div class=\"wp-block-media-text has-palette-color-7-background-color has-background\" style=\"padding-top:var(--wp--preset--spacing--30);padding-right:var(--wp--preset--spacing--40);padding-bottom:var(--wp--preset--spacing--30);padding-left:var(--wp--preset--spacing--40);grid-template-columns:15% auto\"><figure class=\"wp-block-media-text__media\"><img decoding=\"async\" src=\"https:\/\/eucurioso.com.br\/wp-content\/uploads\/2023\/11\/icon1.svg\" alt=\"\" class=\"wp-image-2234 size-full\"\/><\/figure><div class=\"wp-block-media-text__content\">\n<p class=\"has-medium-font-size\"><strong>Soporte experto<\/strong><\/p>\n\n\n\n<p style=\"font-size:clamp(14px, 0.875rem + ((1vw - 3.2px) * 0.234), 17px);\">Cuente con el apoyo de profesionales experimentados durante todo su proceso de aprendizaje.<\/p>\n<\/div><\/div>\n<\/div>\n<\/div>\n\n\n\n<div style=\"height:30px\" aria-hidden=\"true\" class=\"wp-block-spacer\"><\/div>\n\n\n\n<h2 class=\"wp-block-heading\">Deposiciones<\/h2>\n\n\n\n<blockquote class=\"wp-block-quote is-layout-flow wp-block-quote-is-layout-flow\" style=\"font-size:clamp(14px, 0.875rem + ((1vw - 3.2px) * 0.078), 15px);\">\n<p style=\"font-size:clamp(14px, 0.875rem + ((1vw - 3.2px) * 0.234), 17px);\">Desde que termin\u00e9 el curso, mi agenda siempre est\u00e1 llena. \u00a1A los clientes les encanta mi trabajo!<\/p>\n<cite><em><strong>Mariana Sousa<\/strong><\/em><\/cite><\/blockquote>\n\n\n\n<blockquote class=\"wp-block-quote is-layout-flow wp-block-quote-is-layout-flow\" style=\"font-size:clamp(14px, 0.875rem + ((1vw - 3.2px) * 0.078), 15px);\">\n<p style=\"font-size:clamp(14px, 0.875rem + ((1vw - 3.2px) * 0.234), 17px);\">Aprend\u00ed t\u00e9cnicas incre\u00edbles que me diferenciaron en el mercado. \u00a1Lo recomiendo mucho!<\/p>\n<cite><em><strong>Carlos Mendes<\/strong><\/em><\/cite><\/blockquote>\n\n\n\n<blockquote class=\"wp-block-quote is-layout-flow wp-block-quote-is-layout-flow\" style=\"font-size:clamp(14px, 0.875rem + ((1vw - 3.2px) * 0.078), 15px);\">\n<p style=\"font-size:clamp(14px, 0.875rem + ((1vw - 3.2px) * 0.234), 17px);\">La flexibilidad para estudiar cuando pod\u00eda marc\u00f3 la diferencia. Termin\u00e9 el curso sin prisas y aprend\u00ed mucho.<\/p>\n<cite><em><strong>Livia Barros<\/strong><\/em><\/cite><\/blockquote>\n\n\n\n<blockquote class=\"wp-block-quote is-layout-flow wp-block-quote-is-layout-flow\" style=\"font-size:clamp(14px, 0.875rem + ((1vw - 3.2px) * 0.078), 15px);\">\n<p style=\"font-size:clamp(14px, 0.875rem + ((1vw - 3.2px) * 0.234), 17px);\">\u00a1Los instructores saben mucho! Transmiten verdadera confianza y conocimiento.<\/p>\n<cite><em><strong>Tiago Lima<\/strong><\/em><\/cite><\/blockquote>\n\n\n\n<blockquote class=\"wp-block-quote is-layout-flow wp-block-quote-is-layout-flow\" style=\"font-size:clamp(14px, 0.875rem + ((1vw - 3.2px) * 0.078), 15px);\">\n<p style=\"font-size:clamp(14px, 0.875rem + ((1vw - 3.2px) * 0.234), 17px);\">Este curso fue un punto de inflexi\u00f3n en mi carrera. \u00a1Vale la pena cada minuto!<\/p>\n<cite><em><strong>Camila Ribeiro<\/strong><\/em><\/cite><\/blockquote>\n\n\n\n<div style=\"height:20px\" aria-hidden=\"true\" class=\"wp-block-spacer\"><\/div>\n\n\n\n<div class=\"wp-block-buttons is-content-justification-center is-layout-flex wp-container-core-buttons-is-layout-a89b3969 wp-block-buttons-is-layout-flex\">\n<div class=\"wp-block-button has-custom-width wp-block-button__width-100 has-custom-font-size blob has-medium-font-size\"><a class=\"wp-block-button__link has-background has-text-align-center wp-element-button\" href=\"http:\/\/materiasdodia.com\/es\/?p=1720\" style=\"border-radius:30px;background-color:#019548;padding-top:var(--wp--preset--spacing--30);padding-right:var(--wp--preset--spacing--50);padding-bottom:var(--wp--preset--spacing--30);padding-left:var(--wp--preset--spacing--50)\"><strong>\u2b95 REG\u00cdSTRESE AHORA<\/strong><\/a><\/div>\n<\/div>\n\n\n\n<p class=\"has-text-align-center\" style=\"margin-top:0;font-size:12px\">Permanecer\u00e1s en el mismo sitio web.<\/p>\n\n\n\n<div style=\"height:30px\" aria-hidden=\"true\" class=\"wp-block-spacer\"><\/div>\n\n\n\n<h2 class=\"wp-block-heading\" id=\"h-perguntas-frequentes\">Preguntas frecuentes<\/h2>\n\n\n\n<div class=\"wp-block-columns is-layout-flex wp-container-core-columns-is-layout-28f84493 wp-block-columns-is-layout-flex\">\n<div class=\"wp-block-column is-layout-flow wp-block-column-is-layout-flow\">\n<p><strong>\u00bfEl curso es completamente en l\u00ednea?<\/strong><\/p>\n\n\n\n<hr class=\"wp-block-separator has-text-color has-palette-color-5-color has-alpha-channel-opacity has-palette-color-5-background-color has-background is-style-wide\"\/>\n\n\n\n<p>S\u00ed, el curso de dise\u00f1o de cejas es 100% en l\u00ednea, para que puedas aprender dondequiera que est\u00e9s.<\/p>\n<\/div>\n<\/div>\n\n\n\n<div class=\"wp-block-columns is-layout-flex wp-container-core-columns-is-layout-28f84493 wp-block-columns-is-layout-flex\">\n<div class=\"wp-block-column is-layout-flow wp-block-column-is-layout-flow\">\n<p><strong>\u00bfHay pr\u00e1ctica en el curso de dise\u00f1ador de cejas?<\/strong><\/p>\n\n\n\n<hr class=\"wp-block-separator has-text-color has-palette-color-5-color has-alpha-channel-opacity has-palette-color-5-background-color has-background is-style-wide\"\/>\n\n\n\n<p>Existen simulaciones pr\u00e1cticas que puedes seguir y replicar para ganar experiencia.<\/p>\n<\/div>\n<\/div>\n\n\n\n<div class=\"wp-block-columns is-layout-flex wp-container-core-columns-is-layout-28f84493 wp-block-columns-is-layout-flex\">\n<div class=\"wp-block-column is-layout-flow wp-block-column-is-layout-flow\">\n<p><strong>\u00bfEl curso tiene soporte para dudas?<\/strong><\/p>\n\n\n\n<hr class=\"wp-block-separator has-text-color has-palette-color-5-color has-alpha-channel-opacity has-palette-color-5-background-color has-background is-style-wide\"\/>\n\n\n\n<p>Tienes todo el apoyo para resolver tus dudas directamente con expertos en el tema.<\/p>\n<\/div>\n<\/div>\n\n\n\n<div class=\"wp-block-columns is-layout-flex wp-container-core-columns-is-layout-28f84493 wp-block-columns-is-layout-flex\">\n<div class=\"wp-block-column is-layout-flow wp-block-column-is-layout-flow\">\n<p><strong>\u00bfCu\u00e1nto tiempo me puede llevar completar el curso?<\/strong><\/p>\n\n\n\n<hr class=\"wp-block-separator has-text-color has-palette-color-5-color has-alpha-channel-opacity has-palette-color-5-background-color has-background is-style-wide\"\/>\n\n\n\n<p>Depende de tu ritmo de estudio, pero la mayor\u00eda de los estudiantes lo completan en unas pocas semanas.<\/p>\n<\/div>\n<\/div>\n\n\n\n<div class=\"wp-block-columns is-layout-flex wp-container-core-columns-is-layout-28f84493 wp-block-columns-is-layout-flex\">\n<div class=\"wp-block-column is-layout-flow wp-block-column-is-layout-flow\">\n<p><strong>\u00bfRecibir\u00e9 un certificado al finalizar el curso?<\/strong><\/p>\n\n\n\n<hr class=\"wp-block-separator has-text-color has-palette-color-5-color has-alpha-channel-opacity has-palette-color-5-background-color has-background is-style-wide\"\/>\n\n\n\n<p>S\u00ed, al finalizar todas las clases y evaluaciones, recibir\u00e1s un certificado de finalizaci\u00f3n.<\/p>\n<\/div>\n<\/div>\n\n\n\n<div class=\"wp-block-columns is-layout-flex wp-container-core-columns-is-layout-28f84493 wp-block-columns-is-layout-flex\">\n<div class=\"wp-block-column is-layout-flow wp-block-column-is-layout-flow\">\n<p><strong>\u00bfCu\u00e1les son los requisitos previos para el curso?<\/strong><\/p>\n\n\n\n<hr class=\"wp-block-separator has-text-color has-palette-color-5-color has-alpha-channel-opacity has-palette-color-5-background-color has-background is-style-wide\"\/>\n\n\n\n<p>No existen requisitos previos, solo ganas de aprender y desarrollarse en el \u00e1rea del dise\u00f1o de cejas.<\/p>\n<\/div>\n<\/div>\n\n\n\n<div class=\"wp-block-columns is-layout-flex wp-container-core-columns-is-layout-28f84493 wp-block-columns-is-layout-flex\">\n<div class=\"wp-block-column is-layout-flow wp-block-column-is-layout-flow\">\n<p><strong>\u00bfPuedo asistir a clases desde mi celular?<\/strong><\/p>\n\n\n\n<hr class=\"wp-block-separator has-text-color has-palette-color-5-color has-alpha-channel-opacity has-palette-color-5-background-color has-background is-style-wide\"\/>\n\n\n\n<p>Por supuesto, el curso es compatible con cualquier dispositivo, lo que facilita el acceso desde cualquier lugar.<\/p>\n<\/div>\n<\/div>\n\n\n\n<div style=\"height:30px\" aria-hidden=\"true\" class=\"wp-block-spacer\"><\/div>\n\n\n\n<style>\n.bloco-main {\n    gap: 0px !important\n}\n.entry-title {\n    text-align: center;\n}\n.entry-content:not(:first-child) {\n    margin-top: 20px;\n}\n@media (max-width: 768px) {\n    .separate-containers .inside-article, .separate-containers .comments-area, .separate-containers .page-header, .separate-containers .paging-navigation, .one-container .site-content, .inside-page-header {\n        padding: 0px 20px 20px 20px !important;\n    }\n}\n.separate-containers .site-main {\n    margin: 15px;\n}\n.blob {\n\ttransform: scale(1);\n\tanimation: pulse 1.5s infinite;\n}\n\n@keyframes pulse {\n\t0% {\n\t\ttransform: scale(0.95);\n\t}\n\n\t70% {\n\t\ttransform: scale(1);\n\t}\n\n\t100% {\n\t\ttransform: scale(0.95);\n\t}\n}\n\n.wp-block-quote:not(.is-style-plain):not(.has-text-align-center):not(.has-text-align-right) {\n    border-inline-start: 4px solid #019548;\n}\n\n.wp-block-separator:not(.is-style-dots) {\n    height: 1px;\n}\n@media (max-width: 600px) {\n.wp-block-media-text.is-stacked-on-mobile {\n    padding: 10px !important;\n}\n}\n\n.wp-block-media-text__media img, .wp-block-media-text__media video {\n    border-radius: 30px !important;\n}\nhr {\n    margin-bottom: 10px;\n    margin-top: 10px;\n}\n<\/style>","protected":false},"excerpt":{"rendered":"<p>Quer se tornar um designer de sobrancelhas de sucesso? Descubra como o curso online pode preparar voc\u00ea para o mercado. Voc\u00ea continuar\u00e1 no mesmo site. O mundo da est\u00e9tica est\u00e1 sempre em alta, e ser um designer de sobrancelhas qualificado pode abrir muitas portas. Conhe\u00e7a este curso online e mude sua carreira! Esse treinamento entrega [&hellip;]<\/p>","protected":false},"author":3,"featured_media":0,"parent":0,"menu_order":0,"comment_status":"closed","ping_status":"closed","template":"","meta":{"_acf_changed":false,"footnotes":""},"class_list":["post-1722","page","type-page","status-publish","hentry"],"blocksy_meta":[],"acf":[],"rank_math_focus_keyword":null,"rank_math_description":null,"resposta_rapida":null,"_links":{"self":[{"href":"https:\/\/materiasdodia.com\/es\/wp-json\/wp\/v2\/pages\/1722","targetHints":{"allow":["GET"]}}],"collection":[{"href":"https:\/\/materiasdodia.com\/es\/wp-json\/wp\/v2\/pages"}],"about":[{"href":"https:\/\/materiasdodia.com\/es\/wp-json\/wp\/v2\/types\/page"}],"author":[{"embeddable":true,"href":"https:\/\/materiasdodia.com\/es\/wp-json\/wp\/v2\/users\/3"}],"replies":[{"embeddable":true,"href":"https:\/\/materiasdodia.com\/es\/wp-json\/wp\/v2\/comments?post=1722"}],"version-history":[{"count":2,"href":"https:\/\/materiasdodia.com\/es\/wp-json\/wp\/v2\/pages\/1722\/revisions"}],"predecessor-version":[{"id":1754,"href":"https:\/\/materiasdodia.com\/es\/wp-json\/wp\/v2\/pages\/1722\/revisions\/1754"}],"wp:attachment":[{"href":"https:\/\/materiasdodia.com\/es\/wp-json\/wp\/v2\/media?parent=1722"}],"curies":[{"name":"wp","href":"https:\/\/api.w.org\/{rel}","templated":true}]}}